{"id":8,"date":"2026-03-07T18:57:06","date_gmt":"2026-03-07T17:57:06","guid":{"rendered":"https:\/\/callosumconcierge.pl\/?page_id=8"},"modified":"2026-04-05T16:53:54","modified_gmt":"2026-04-05T14:53:54","slug":"kontakt","status":"publish","type":"page","link":"https:\/\/callosumconcierge.pl\/?page_id=8","title":{"rendered":"KONTAKT"},"content":{"rendered":"\n<p><\/p>\n\n\n\n<p class=\"has-text-align-center\">Ilo\u015b\u0107 klient\u00f3w z kt\u00f3rymi mo\u017cemy w danym momencie podj\u0105\u0107 wsp\u00f3\u0142prac\u0119 jest ograniczona. Powodem tego jest nasza ch\u0119\u0107 dostarczania us\u0142ug na najwy\u017cszym poziomie. W zwi\u0105zku z tym prowadzimy list\u0119 rezerwow\u0105. Je\u015bli jeste\u015b zainteresowany\/a wsp\u00f3\u0142prac\u0105 lub masz jakie\u015b pytania, prosimy o kontakt.<\/p>\n\n\n\n<p><\/p>\n\n\n\n<p class=\"has-text-align-center\">E-MAIL: founders@callosumconcierge.pl<\/p>\n\n\n\n<p class=\"has-text-align-center\">SMS\/WhatsApp: +48 517 587 133<\/p>\n\n\n\n<p><\/p>\n","protected":false},"excerpt":{"rendered":"<p>Ilo\u015b\u0107 klient\u00f3w z kt\u00f3rymi mo\u017cemy w danym momencie podj\u0105\u0107 wsp\u00f3\u0142prac\u0119 jest ograniczona. Powodem tego jest nasza ch\u0119\u0107 dostarczania us\u0142ug na najwy\u017cszym poziomie. W zwi\u0105zku z tym prowadzimy list\u0119 rezerwow\u0105. Je\u015bli jeste\u015b zainteresowany\/a wsp\u00f3\u0142prac\u0105 lub masz jakie\u015b pytania, prosimy o kontakt. E-MAIL: founders@callosumconcierge.pl SMS\/WhatsApp: +48 517 587 133<\/p>\n","protected":false},"author":1,"featured_media":0,"parent":0,"menu_order":0,"comment_status":"closed","ping_status":"closed","template":"","meta":{"footnotes":""},"class_list":["post-8","page","type-page","status-publish","hentry"],"_links":{"self":[{"href":"https:\/\/callosumconcierge.pl\/index.php?rest_route=\/wp\/v2\/pages\/8","targetHints":{"allow":["GET"]}}],"collection":[{"href":"https:\/\/callosumconcierge.pl\/index.php?rest_route=\/wp\/v2\/pages"}],"about":[{"href":"https:\/\/callosumconcierge.pl\/index.php?rest_route=\/wp\/v2\/types\/page"}],"author":[{"embeddable":true,"href":"https:\/\/callosumconcierge.pl\/index.php?rest_route=\/wp\/v2\/users\/1"}],"replies":[{"embeddable":true,"href":"https:\/\/callosumconcierge.pl\/index.php?rest_route=%2Fwp%2Fv2%2Fcomments&post=8"}],"version-history":[{"count":8,"href":"https:\/\/callosumconcierge.pl\/index.php?rest_route=\/wp\/v2\/pages\/8\/revisions"}],"predecessor-version":[{"id":67,"href":"https:\/\/callosumconcierge.pl\/index.php?rest_route=\/wp\/v2\/pages\/8\/revisions\/67"}],"wp:attachment":[{"href":"https:\/\/callosumconcierge.pl\/index.php?rest_route=%2Fwp%2Fv2%2Fmedia&parent=8"}],"curies":[{"name":"wp","href":"https:\/\/api.w.org\/{rel}","templated":true}]}}